{"id":141,"date":"2022-02-01T09:09:37","date_gmt":"2022-02-01T12:09:37","guid":{"rendered":"https:\/\/websitedemos.net\/nutritionist-02-wip\/?page_id=141"},"modified":"2023-03-24T08:08:27","modified_gmt":"2023-03-24T11:08:27","slug":"sobre","status":"publish","type":"page","link":"https:\/\/megavisao.com.br\/?page_id=141","title":{"rendered":"Sobre N\u00f3s"},"content":{"rendered":"<h2>Sobre N\u00f3s<\/h2>\n<h1>A Mega Vis\u00e3o foi fundada em Janeiro de 2013, seu fundador com mais de 15 anos de experi\u00eancia no ramo de importa\u00e7\u00e3o e distribui\u00e7\u00e3o de equipamentos para seguran\u00e7a eletr\u00f4nica, juntamente com uma equipe especializada, colabora para que a empresa se posicione como refer\u00eancia na distribui\u00e7\u00e3o de produtos para seguran\u00e7a eletr\u00f4nica, um dos ramos que mais cresce em todo mundo. Hoje conseguimos atender, gra\u00e7as a bons acordos comerciais com grandes fornecedores, projetos dos mais variados, desde a revenda at\u00e9 integradores de grande porte, entregando sempre a solu\u00e7\u00e3o ideal para que nosso cliente consiga executar seu projeto com excel\u00eancia garantindo alto n\u00edvel de satisfa\u00e7\u00e3o e baix\u00edssimo \u00edndice de RMA.<\/h1>\n<h2>Conhe\u00e7a nossa equipe!<\/h2>\n<figure><img decoding=\"async\" width=\"221\" height=\"300\" src=\"https:\/\/megavisao.com.br\/wp-content\/uploads\/2020\/02\/95fee31e-2869-49ad-bc3f-654479eb278d-221x300.jpg\" alt=\"\" loading=\"lazy\" \/><\/figure>\n<h3>Rodrigo Brand\u00e3o<\/h3>\n<p>S\u00f3cio Fundador \/ Diretor Comercial<\/p>\n<p>Com mais de 15 anos de experi\u00eancia na \u00e1rea, \u00e9 respons\u00e1vel pelas estrat\u00e9gias e planejamentos comerciais<\/p>\n<p><em><br \/>&#8220;Nossa empresa tem como foco o respeito aos nossos clientes, a seriedade no trabalho e o constante desenvolvimento. Al\u00e9m de trabalhar com profissionais de excelente qualidade t\u00e9cnica, tenho o prazer de trabalhar com grandes seres humanos, isso me motiva pois sei que, atrav\u00e9s das rela\u00e7\u00f5es humanas, ancoradas no respeito e na vontade de ir mais longe fazemos do time Mega um time campe\u00e3o, e acima de tudo, uma grande FAM\u00cdLIA.&#8221;<\/em><\/p>\n","protected":false},"excerpt":{"rendered":"<p>Sobre N\u00f3s A Mega Vis\u00e3o foi fundada em Janeiro de 2013, seu fundador com mais de 15 anos de experi\u00eancia no ramo de importa\u00e7\u00e3o e distribui\u00e7\u00e3o de equipamentos para seguran\u00e7a eletr\u00f4nica, juntamente com uma equipe especializada, colabora para que a empresa se posicione como refer\u00eancia na distribui\u00e7\u00e3o de produtos para seguran\u00e7a eletr\u00f4nica, um dos ramos &hellip;<\/p>\n<p class=\"read-more\"> <a class=\"\" href=\"https:\/\/megavisao.com.br\/?page_id=141\"> <span class=\"screen-reader-text\">Sobre N\u00f3s<\/span> Leia mais &raquo;<\/a><\/p>\n","protected":false},"author":1,"featured_media":0,"parent":0,"menu_order":0,"comment_status":"closed","ping_status":"closed","template":"elementor_canvas","meta":{"site-sidebar-layout":"no-sidebar","site-content-layout":"page-builder","ast-global-header-display":"","ast-banner-title-visibility":"","ast-main-header-display":"","ast-hfb-above-header-display":"","ast-hfb-below-header-display":"","ast-hfb-mobile-header-display":"","site-post-title":"disabled","ast-breadcrumbs-content":"","ast-featured-img":"disabled","footer-sml-layout":"","theme-transparent-header-meta":"default","adv-header-id-meta":"","stick-header-meta":"","header-above-stick-meta":"","header-main-stick-meta":"","header-below-stick-meta":"","footnotes":""},"_links":{"self":[{"href":"https:\/\/megavisao.com.br\/index.php?rest_route=\/wp\/v2\/pages\/141"}],"collection":[{"href":"https:\/\/megavisao.com.br\/index.php?rest_route=\/wp\/v2\/pages"}],"about":[{"href":"https:\/\/megavisao.com.br\/index.php?rest_route=\/wp\/v2\/types\/page"}],"author":[{"embeddable":true,"href":"https:\/\/megavisao.com.br\/index.php?rest_route=\/wp\/v2\/users\/1"}],"replies":[{"embeddable":true,"href":"https:\/\/megavisao.com.br\/index.php?rest_route=%2Fwp%2Fv2%2Fcomments&post=141"}],"version-history":[{"count":22,"href":"https:\/\/megavisao.com.br\/index.php?rest_route=\/wp\/v2\/pages\/141\/revisions"}],"predecessor-version":[{"id":2600,"href":"https:\/\/megavisao.com.br\/index.php?rest_route=\/wp\/v2\/pages\/141\/revisions\/2600"}],"wp:attachment":[{"href":"https:\/\/megavisao.com.br\/index.php?rest_route=%2Fwp%2Fv2%2Fmedia&parent=141"}],"curies":[{"name":"wp","href":"https:\/\/api.w.org\/{rel}","templated":true}]}}