{"id":97,"date":"2017-08-09T10:09:38","date_gmt":"2017-08-09T13:09:38","guid":{"rendered":"https:\/\/websitedemos.net\/fitness-trainer-free\/?page_id=2"},"modified":"2023-08-01T10:42:34","modified_gmt":"2023-08-01T13:42:34","slug":"home","status":"publish","type":"page","link":"https:\/\/megavisao.com.br\/","title":{"rendered":"Home"},"content":{"rendered":"<h4>Seja Bem-Vindo<\/h4>\n<h1>+ Seguran\u00e7a para seu dia a dia<\/h1>\n<p>Conhe\u00e7a a melhor distribuidora de seguran\u00e7a eletr\u00f4nica de S\u00e3o Paulo.<\/p>\n<p>\t\t\t<a href=\"https:\/\/api.whatsapp.com\/send?phone=551123457070&#038;text=Ol%C3%A1%2C%20vim%20pelo%20site.\" target=\"_blank\" rel=\"noopener\"><br \/>\n\t\t\t\t\t\tQuero conhecer<br \/>\n\t\t\t\t\t<\/a><br \/>\n\t\t\t\t\t\t\t\t\t\t\t\t\t\t\t<img decoding=\"async\" width=\"820\" height=\"820\" src=\"https:\/\/megavisao.com.br\/wp-content\/uploads\/2020\/01\/teste.png\" alt=\"\" loading=\"lazy\" srcset=\"https:\/\/megavisao.com.br\/wp-content\/uploads\/2020\/01\/teste.png 820w, https:\/\/megavisao.com.br\/wp-content\/uploads\/2020\/01\/teste-300x300.png 300w, https:\/\/megavisao.com.br\/wp-content\/uploads\/2020\/01\/teste-150x150.png 150w, https:\/\/megavisao.com.br\/wp-content\/uploads\/2020\/01\/teste-768x768.png 768w\" sizes=\"(max-width: 820px) 100vw, 820px\" \/>\t\t\t\t\t\t\t\t\t\t\t\t\t\t\t<\/p>\n<h2>Conhe\u00e7a nosso canal do Youtube.<\/h2>\n<p>Toda semana estamos trazendo para nossos clientes e parceiros, novidades, esquemas de montagem, lan\u00e7amentos de produtos, tutoriais e muito mais.<\/p>\n<p>\t\t\t<a href=\"https:\/\/www.youtube.com\/channel\/UCS1k2BQR3OucIb5ffhDQ4gw\/featured\" target=\"_blank\" rel=\"noopener\"><br \/>\n\t\t\t\t\t\tConhecer o canal<br \/>\n\t\t\t\t\t<\/a><\/p>\n<div class=\"ast-oembed-container\" style=\"height: 100%;\"><iframe loading=\"lazy\" title=\"CAMERA TERMOGRAFICA HIKVISION - DS-2PT21B-6AV\" width=\"500\" height=\"281\" src=\"https:\/\/www.youtube.com\/embed\/rFJnsh6wLmM?feature=oembed\" frameborder=\"0\" allow=\"accelerometer; autoplay; clipboard-write; encrypted-media; gyroscope; picture-in-picture; web-share\" referrerpolicy=\"strict-origin-when-cross-origin\" allowfullscreen><\/iframe><\/div>\n<p>\t\t\t\t\t\t\t\t\t\t\t\t\t\t\t<img decoding=\"async\" width=\"600\" height=\"274\" src=\"https:\/\/megavisao.com.br\/wp-content\/uploads\/2020\/01\/camera-hikvision.png\" alt=\"\" loading=\"lazy\" srcset=\"https:\/\/megavisao.com.br\/wp-content\/uploads\/2020\/01\/camera-hikvision.png 600w, https:\/\/megavisao.com.br\/wp-content\/uploads\/2020\/01\/camera-hikvision-300x137.png 300w\" sizes=\"(max-width: 600px) 100vw, 600px\" \/>\t\t\t\t\t\t\t\t\t\t\t\t\t\t\t<\/p>\n<h3>Distribuidora Autorizada Hikvision<\/h3>\n<p>Quando a Hikvision chegou no brasil a Mega Vis\u00e3o foi umas das primeiras distribuidoras ser autorizada, l\u00edder mundial em seguran\u00e7a eletr\u00f4nica. Somos especialista e autorizado para fazer treinamentos e emitir certifica\u00e7\u00e3o. Certificado reconhecido mundialmente.<\/p>\n<p>\t\t\t<a href=\"https:\/\/www.hikvision.com\/PT-BR\/\" target=\"_blank\" rel=\"noopener\"><br \/>\n\t\t\t\t\t\tConhecer Hikvision<br \/>\n\t\t\t\t\t<\/a><\/p>\n<h2>Nosso Diferencial<\/h2>\n<p>Sempre pensando em facilitar e ajudar a vida do t\u00e9cnico de seguran\u00e7a eletr\u00f4nica.<\/p>\n<h3>\n\t\t\t\t\t\tO melhor custo benef\u00edcio<br \/>\n\t\t\t\t<\/h3>\n<p>\n\t\t\t\t\t\tAl\u00e9m de ter os melhores produtos do mercado, temos o melhor custo benef\u00edcio do mercado.\t\t\t\t\t<\/p>\n<h3>\n\t\t\t\t\t\tTreinamentos<br \/>\n\t\t\t\t<\/h3>\n<p>\n\t\t\t\t\t\tTreinamentos todos os m\u00eas com certificado reconhecido em todo o mundo.\t\t\t\t\t<\/p>\n<h3>\n\t\t\t\t\t\tSuporte T\u00e9cnico<br \/>\n\t\t\t\t<\/h3>\n<p>\n\t\t\t\t\t\tPode contar conosco com conosco, temos especialistas para te atender e resolver seu problema e pouqu\u00edssimo tempo.\t\t\t\t\t<\/p>\n<h3>\n\t\t\t\t\t\tProjetos<br \/>\n\t\t\t\t<\/h3>\n<p>\n\t\t\t\t\t\tPegou um servi\u00e7o grande e n\u00e3o consegue fazer um or\u00e7amento eficiente? Conte com nossa equipe, fazemos todo o planejamento e projeto para voc\u00ea.\t\t\t\t\t<\/p>\n<h2>O que os t\u00e9cnicos est\u00e3o falando da Mega Vis\u00e3o<\/h2>\n<p>O que alguns parceiros, falam da gente.<\/p>\n<p>\t\t\t\t\t\t\t\t\t\t\t\t\t\t\t<img decoding=\"async\" width=\"855\" height=\"960\" src=\"https:\/\/megavisao.com.br\/wp-content\/uploads\/2020\/01\/Claudio-Almeida.jpg\" alt=\"\" loading=\"lazy\" srcset=\"https:\/\/megavisao.com.br\/wp-content\/uploads\/2020\/01\/Claudio-Almeida.jpg 855w, https:\/\/megavisao.com.br\/wp-content\/uploads\/2020\/01\/Claudio-Almeida-267x300.jpg 267w, https:\/\/megavisao.com.br\/wp-content\/uploads\/2020\/01\/Claudio-Almeida-768x862.jpg 768w\" sizes=\"(max-width: 855px) 100vw, 855px\" \/><br \/>\n\t\t\t\t\t\t\t&#8220;Profissionalismo, sempre levando conhecimento para seus clientes.<br \/>\n\t\t\t\t\t\t\t\t\t\t\t\t\t\tClaudio Almeida<br \/>\n\t\t\t\t\t\t\t\t\t\t\t\t\t\t\t\t\t\t\t\t\t\tInstituto CFTV<br \/>\n\t\t\t\t\t\t\t&#8220;Pessoal totalmente preparado para atender seus clientes e fornecedores, inclusive com um caf\u00e9 top.&#8221;<br \/>\n\t\t\t\t\t\t\t<img decoding=\"async\" width=\"768\" height=\"768\" src=\"https:\/\/megavisao.com.br\/wp-content\/uploads\/2020\/01\/Joao-Jose.jpg\" alt=\"\" loading=\"lazy\" \/><br \/>\n\t\t\t\t\t\t\t\t\t\t\t\t\t\tJo\u00e3o Jos\u00e9<br \/>\n\t\t\t\t\t\t\t\t\t\t\t\t\t\t\t\t\t\t\t\t\t\tIPEC Eletr\u00f4nica<br \/>\n\t\t\t\t\t\t\t&#8221; J\u00e1 conhe\u00e7o a empresa h\u00e1 pelo menos 4 anos \u00e9 sempre tive um excelente atendimento.<br \/>\nParab\u00e9ns por fazerem a diferen\u00e7a.&#8221;<br \/>\n\t\t\t\t\t\t\t<img decoding=\"async\" width=\"722\" height=\"729\" src=\"https:\/\/megavisao.com.br\/wp-content\/uploads\/2020\/01\/Pedro-Sijanas.jpg\" alt=\"\" loading=\"lazy\" \/><br \/>\n\t\t\t\t\t\t\t\t\t\t\t\t\t\tPedro Sijanas<br \/>\n\t\t\t\t\t\t\t\t\t\t\t\t\t\t\t\t\t\t\t\t\t\tInstalador T\u00e9cnico<br \/>\n\t\t\t\t0<br \/>\n\t\t\t\t+<br \/>\n\t\t\t\t\t\t\tClientes Cadastrados<br \/>\n\t\t\t\t0<br \/>\n\t\t\t\t+<br \/>\n\t\t\t\t\t\t\tIntegrantes do time<br \/>\n\t\t\t\t0<br \/>\n\t\t\t\t+<br \/>\n\t\t\t\t\t\t\tAtua\u00e7\u00e3o na \u00e1rea<\/p>\n<h2>N\u00e3o Perca tempo<\/h2>\n<p>Veja o que pode estar fazendo em nosso site.<\/p>\n<p>\t\t\t\t\t\t\t\t\t\t\t\t\t\t\t<img decoding=\"async\" width=\"512\" height=\"512\" src=\"https:\/\/megavisao.com.br\/wp-content\/uploads\/2020\/01\/note.png\" alt=\"\" loading=\"lazy\" srcset=\"https:\/\/megavisao.com.br\/wp-content\/uploads\/2020\/01\/note.png 512w, https:\/\/megavisao.com.br\/wp-content\/uploads\/2020\/01\/note-300x300.png 300w, https:\/\/megavisao.com.br\/wp-content\/uploads\/2020\/01\/note-150x150.png 150w\" sizes=\"(max-width: 512px) 100vw, 512px\" \/>\t\t\t\t\t\t\t\t\t\t\t\t\t\t\t<\/p>\n<h4>Pr\u00e9-Cadastro<\/h4>\n<p>Fa\u00e7a um cadastro para ter acesso a nossos valores e ofertas semanais.<\/p>\n<p>\t\t\t<a href=\"https:\/\/megavisao.com.br\/?page_id=307\"><br \/>\n\t\t\t\t\t\tPr\u00e9-Cadastro<br \/>\n\t\t\t\t\t<\/a><br \/>\n\t\t\t\t\t\t\t\t\t\t\t\t\t\t\t<img decoding=\"async\" width=\"512\" height=\"512\" src=\"https:\/\/megavisao.com.br\/wp-content\/uploads\/2020\/01\/teacher.png\" alt=\"\" loading=\"lazy\" srcset=\"https:\/\/megavisao.com.br\/wp-content\/uploads\/2020\/01\/teacher.png 512w, https:\/\/megavisao.com.br\/wp-content\/uploads\/2020\/01\/teacher-300x300.png 300w, https:\/\/megavisao.com.br\/wp-content\/uploads\/2020\/01\/teacher-150x150.png 150w\" sizes=\"(max-width: 512px) 100vw, 512px\" \/>\t\t\t\t\t\t\t\t\t\t\t\t\t\t\t<\/p>\n<h4>Treinamentos<\/h4>\n<p>Fique por dentro das datas que vai ser os pr\u00f3ximos treinamentos.<\/p>\n<p>\t\t\t<a href=\"https:\/\/megavisao.com.br\/?page_id=304\"><br \/>\n\t\t\t\t\t\tPr\u00f3ximos Treinamentos<br \/>\n\t\t\t\t\t<\/a><br \/>\n\t\t\t\t\t\t\t\t\t\t\t\t\t\t\t<img decoding=\"async\" width=\"512\" height=\"512\" src=\"https:\/\/megavisao.com.br\/wp-content\/uploads\/2020\/01\/contact.png\" alt=\"\" loading=\"lazy\" srcset=\"https:\/\/megavisao.com.br\/wp-content\/uploads\/2020\/01\/contact.png 512w, https:\/\/megavisao.com.br\/wp-content\/uploads\/2020\/01\/contact-300x300.png 300w, https:\/\/megavisao.com.br\/wp-content\/uploads\/2020\/01\/contact-150x150.png 150w\" sizes=\"(max-width: 512px) 100vw, 512px\" \/>\t\t\t\t\t\t\t\t\t\t\t\t\t\t\t<\/p>\n<h4>Entre em contato conosco<\/h4>\n<p>Quer tirar d\u00favida ou falar conosco? Clique no bot\u00e3o a baixo<\/p>\n<p>\t\t\t<a href=\"https:\/\/megavisao.com.br\/?page_id=143\"><br \/>\n\t\t\t\t\t\tQuero um or\u00e7amento<br \/>\n\t\t\t\t\t<\/a><\/p>\n<h4>Marcas:<\/h4>\n<p>\t\t\t\t\t\t\t\t\t\t\t\t\t\t\t<img decoding=\"async\" width=\"500\" height=\"333\" src=\"https:\/\/megavisao.com.br\/wp-content\/uploads\/2020\/01\/Sem-T\u00edtulo-2-4.png\" alt=\"\" loading=\"lazy\" srcset=\"https:\/\/megavisao.com.br\/wp-content\/uploads\/2020\/01\/Sem-T\u00edtulo-2-4.png 500w, https:\/\/megavisao.com.br\/wp-content\/uploads\/2020\/01\/Sem-T\u00edtulo-2-4-300x200.png 300w\" sizes=\"(max-width: 500px) 100vw, 500px\" \/><br \/>\n\t\t\t\t\t\t\t\t\t\t\t\t\t\t\t<img decoding=\"async\" width=\"1024\" height=\"342\" src=\"https:\/\/megavisao.com.br\/wp-content\/uploads\/2020\/01\/seagate-green-horizontal-1024x342.jpg\" alt=\"\" loading=\"lazy\" srcset=\"https:\/\/megavisao.com.br\/wp-content\/uploads\/2020\/01\/seagate-green-horizontal-1024x342.jpg 1024w, https:\/\/megavisao.com.br\/wp-content\/uploads\/2020\/01\/seagate-green-horizontal-300x100.jpg 300w, https:\/\/megavisao.com.br\/wp-content\/uploads\/2020\/01\/seagate-green-horizontal-768x257.jpg 768w, https:\/\/megavisao.com.br\/wp-content\/uploads\/2020\/01\/seagate-green-horizontal-1536x513.jpg 1536w, https:\/\/megavisao.com.br\/wp-content\/uploads\/2020\/01\/seagate-green-horizontal-2048x684.jpg 2048w\" sizes=\"(max-width: 1024px) 100vw, 1024px\" \/><br \/>\n\t\t\t\t\t\t\t\t\t\t\t\t\t\t\t<img decoding=\"async\" width=\"1024\" height=\"257\" src=\"https:\/\/megavisao.com.br\/wp-content\/uploads\/2020\/01\/hilook-1024x257.png\" alt=\"\" loading=\"lazy\" srcset=\"https:\/\/megavisao.com.br\/wp-content\/uploads\/2020\/01\/hilook-1024x257.png 1024w, https:\/\/megavisao.com.br\/wp-content\/uploads\/2020\/01\/hilook-300x75.png 300w, https:\/\/megavisao.com.br\/wp-content\/uploads\/2020\/01\/hilook-768x193.png 768w, https:\/\/megavisao.com.br\/wp-content\/uploads\/2020\/01\/hilook.png 1281w\" sizes=\"(max-width: 1024px) 100vw, 1024px\" \/><br \/>\n\t\t\t\t\t\t\t\t\t\t\t\t\t\t\t<img decoding=\"async\" width=\"600\" height=\"315\" src=\"https:\/\/megavisao.com.br\/wp-content\/uploads\/2020\/01\/Condutti-600x315-1.png\" alt=\"\" loading=\"lazy\" srcset=\"https:\/\/megavisao.com.br\/wp-content\/uploads\/2020\/01\/Condutti-600x315-1.png 600w, https:\/\/megavisao.com.br\/wp-content\/uploads\/2020\/01\/Condutti-600x315-1-300x158.png 300w\" sizes=\"(max-width: 600px) 100vw, 600px\" \/><\/p>\n","protected":false},"excerpt":{"rendered":"<p>Seja Bem-Vindo + Seguran\u00e7a para seu dia a dia Conhe\u00e7a a melhor distribuidora de seguran\u00e7a eletr\u00f4nica de S\u00e3o Paulo. Quero conhecer Conhe\u00e7a nosso canal do Youtube. Toda semana estamos trazendo para nossos clientes e parceiros, novidades, esquemas de montagem, lan\u00e7amentos de produtos, tutoriais e muito mais. Conhecer o canal Distribuidora Autorizada Hikvision Quando a Hikvision &hellip;<\/p>\n<p class=\"read-more\"> <a class=\"\" href=\"https:\/\/megavisao.com.br\/\"> <span class=\"screen-reader-text\">Home<\/span> Leia mais &raquo;<\/a><\/p>\n","protected":false},"author":1,"featured_media":0,"parent":0,"menu_order":0,"comment_status":"closed","ping_status":"closed","template":"","meta":{"site-sidebar-layout":"no-sidebar","site-content-layout":"page-builder","ast-global-header-display":"","ast-banner-title-visibility":"","ast-main-header-display":"","ast-hfb-above-header-display":"","ast-hfb-below-header-display":"","ast-hfb-mobile-header-display":"","site-post-title":"disabled","ast-breadcrumbs-content":"","ast-featured-img":"disabled","footer-sml-layout":"","theme-transparent-header-meta":"default","adv-header-id-meta":"","stick-header-meta":"","header-above-stick-meta":"","header-main-stick-meta":"","header-below-stick-meta":"","footnotes":""},"_links":{"self":[{"href":"https:\/\/megavisao.com.br\/index.php?rest_route=\/wp\/v2\/pages\/97"}],"collection":[{"href":"https:\/\/megavisao.com.br\/index.php?rest_route=\/wp\/v2\/pages"}],"about":[{"href":"https:\/\/megavisao.com.br\/index.php?rest_route=\/wp\/v2\/types\/page"}],"author":[{"embeddable":true,"href":"https:\/\/megavisao.com.br\/index.php?rest_route=\/wp\/v2\/users\/1"}],"replies":[{"embeddable":true,"href":"https:\/\/megavisao.com.br\/index.php?rest_route=%2Fwp%2Fv2%2Fcomments&post=97"}],"version-history":[{"count":43,"href":"https:\/\/megavisao.com.br\/index.php?rest_route=\/wp\/v2\/pages\/97\/revisions"}],"predecessor-version":[{"id":2664,"href":"https:\/\/megavisao.com.br\/index.php?rest_route=\/wp\/v2\/pages\/97\/revisions\/2664"}],"wp:attachment":[{"href":"https:\/\/megavisao.com.br\/index.php?rest_route=%2Fwp%2Fv2%2Fmedia&parent=97"}],"curies":[{"name":"wp","href":"https:\/\/api.w.org\/{rel}","templated":true}]}}